{"id":554,"date":"2013-07-04T10:57:29","date_gmt":"2013-07-04T10:57:29","guid":{"rendered":"http:\/\/localhost\/whb\/?page_id=554"},"modified":"2014-06-04T09:04:21","modified_gmt":"2014-06-04T07:04:21","slug":"about-us","status":"publish","type":"page","link":"https:\/\/www.pamiecin.org\/?page_id=554","title":{"rendered":"O nas"},"content":{"rendered":"\r\n<div class=\"about_details\">\r\n<div class=\"about_img\"><img decoding=\"async\" alt=\"\" src=\"http:\/\/www.pamiecin.org\/wp-content\/uploads\/2013\/07\/about_img.jpg\" \/><\/div>\r\n<div class=\"middle_txt\">\r\nParafi\u0119 erygowano na pocz\u0105tku XV wieku. Pierwszy ko\u015bci\u00f3\u0142 parafialny zosta\u0142 konsekrowany w roku 1425. Na jego miejscu zbudowano w roku 1727 ko\u015bci\u00f3\u0142 obecny, kt\u00f3ry jest drewniany, oszalowany i kryty gontem. \u015awi\u0105tynia powsta\u0142a z fundacji Andrzeja Radoli\u0144skiego i  Jana Rado\u0144skiego. Ko\u015bci\u00f3\u0142 znajduj\u0105cy si\u0119 w Pami\u0119cinie otrzyma\u0142 wezwanie \u015bwi\u0119tego Jana Chrzciciela.\r\nParafi\u0119 tworz\u0105 mieszka\u0144cy nast\u0119puj\u0105cych miejscowo\u015bci: D\u0119bnia\u0142ki, Dojutr\u00f3w, Jastrz\u0119bniki, Pami\u0119cin, Piotr\u00f3w, Pokl\u0119k\u00f3w, Pruszk\u00f3w, Szadek, Zagorzyn i \u017begocin.\r\nW Pruszkowie znajduje si\u0119 kaplica filialna pod wezwaniem Nawiedzenia Naj\u015bwi\u0119tszej Maryi Panny.\r\n<\/div>\r\n<div class=\"about_team\">\n                <h2 class=\"text-center\">Duchowni i \u015bwieccy w naszej parafii<\/h2>\n                    <div class=\"team_list\">\t\t            \n                        <div class=\"carousel_content\">\n                            <ul id=\"team_carousel160\"> <li>\n\t\t\t\t            \t<a href=\"#\" ><img loading=\"lazy\" decoding=\"async\" src=\"http:\/\/www.pamiecin.org\/wp-content\/uploads\/2014\/05\/Pojedyncze-2014.05.31-o-1532.jpg\" width=\"131\" height=\"131\" alt=\"\"><\/a>\n\t\t\t\t            \t<a href=\"#\" ><span>Jaros\u0142aw Jasianek <br \/> Proboszcz<\/span><\/a>\n                                            <\/li><\/ul>\n                                <a class=\"prev\" id=\"team_prev160\" href=\"#\"><span>prev<\/span><\/a>\n                                <a class=\"next\" id=\"team_next160\" href=\"#\"><span>next<\/span><\/a>\n                        <\/div>   \n                    <\/div><script>\n                jQuery(document).ready(function($) {\n                        jQuery(\"#team_carousel160\").carouFredSel({\n                                next : \"#team_next160\",\n                                prev : \"#team_prev160\",\n                                auto: true,\n                                circular: true,\n                                infinite: true,\t\n                                width: \"100%\",\t\t\n                                scroll: {\n                                        items : 1 , \n                                        delay: 7300\t\t\t\t\n                                }\t\t\n                        });\n                });\n                <\/script><\/div>\r\n<div class=\"middle_txt\">\r\n\r\nOd 1-go lipca 1982 roku do 30-go czerwca 2010 roku, funkcj\u0119 proboszcza pe\u0142ni\u0142 ksi\u0105dz kanonik mgr Piotr Wiejak. Aktualnym duszpasterzem parafii p.w. \u015bw. Jana Chrzciciela jest ks. dr Jaros\u0142aw Jasianek.\r\n\r\n<img decoding=\"async\" class=\"aligncenter\" alt=\"\" src=\"http:\/\/www.pamiecin.org\/wp-content\/uploads\/2013\/07\/hearts.png\" \/>\r\n\r\n<\/div>\r\n<\/div>\r\n","protected":false},"excerpt":{"rendered":"<p>Parafi\u0119 erygowano na pocz\u0105tku XV wieku. Pierwszy ko\u015bci\u00f3\u0142 parafialny zosta\u0142 konsekrowany w roku 1425. Na jego miejscu zbudowano w roku 1727 ko\u015bci\u00f3\u0142 obecny, kt\u00f3ry jest drewniany, oszalowany i kryty gontem. \u015awi\u0105tynia powsta\u0142a z fundacji Andrzeja Radoli\u0144skiego i Jana Rado\u0144skiego. Ko\u015bci\u00f3\u0142 znajduj\u0105cy si\u0119 w Pami\u0119cinie otrzyma\u0142 wezwanie \u015bwi\u0119tego Jana Chrzciciela. Parafi\u0119 tworz\u0105 mieszka\u0144cy nast\u0119puj\u0105cych miejscowo\u015bci: D\u0119bnia\u0142ki, Dojutr\u00f3w, Jastrz\u0119bniki, Pami\u0119cin, Piotr\u00f3w, Pokl\u0119k\u00f3w, Pruszk\u00f3w, Szadek, Zagorzyn i \u017begocin. W Pruszkowie znajduje si\u0119 kaplica&#8230;<a href=\"https:\/\/www.pamiecin.org\/?page_id=554\" class=\"read_link\"><span>czytaj dalej &raquo;<\/span><\/a><\/p>\n","protected":false},"author":1,"featured_media":0,"parent":0,"menu_order":0,"comment_status":"open","ping_status":"open","template":"template-page-large.php","meta":{"footnotes":""},"class_list":["post-554","page","type-page","status-publish","hentry"],"_links":{"self":[{"href":"https:\/\/www.pamiecin.org\/index.php?rest_route=\/wp\/v2\/pages\/554","targetHints":{"allow":["GET"]}}],"collection":[{"href":"https:\/\/www.pamiecin.org\/index.php?rest_route=\/wp\/v2\/pages"}],"about":[{"href":"https:\/\/www.pamiecin.org\/index.php?rest_route=\/wp\/v2\/types\/page"}],"author":[{"embeddable":true,"href":"https:\/\/www.pamiecin.org\/index.php?rest_route=\/wp\/v2\/users\/1"}],"replies":[{"embeddable":true,"href":"https:\/\/www.pamiecin.org\/index.php?rest_route=%2Fwp%2Fv2%2Fcomments&post=554"}],"version-history":[{"count":6,"href":"https:\/\/www.pamiecin.org\/index.php?rest_route=\/wp\/v2\/pages\/554\/revisions"}],"predecessor-version":[{"id":1044,"href":"https:\/\/www.pamiecin.org\/index.php?rest_route=\/wp\/v2\/pages\/554\/revisions\/1044"}],"wp:attachment":[{"href":"https:\/\/www.pamiecin.org\/index.php?rest_route=%2Fwp%2Fv2%2Fmedia&parent=554"}],"curies":[{"name":"wp","href":"https:\/\/api.w.org\/{rel}","templated":true}]}}