{"id":1482,"date":"2014-05-27T22:16:48","date_gmt":"2014-05-27T20:16:48","guid":{"rendered":"http:\/\/www.pamiecin.org\/?page_id=1482"},"modified":"2014-06-07T19:48:55","modified_gmt":"2014-06-07T17:48:55","slug":"duszpasterze","status":"publish","type":"page","link":"https:\/\/www.pamiecin.org\/?page_id=1482","title":{"rendered":"Duszpasterze"},"content":{"rendered":"<p style=\"text-indent: 1cm; text-align: justify;\">Od 01 lipca 2010 roku, proboszczem parafii p.w. \u015bw. Jana Chrzciciela w Pami\u0119cinie jest ks. dr Jaros\u0142aw Jasianek.<\/p>\n<p style=\"text-indent: 1cm; text-align: justify;\">Ks. Jaros\u0142aw Jasianek urodzi\u0142 si\u0119 13. 03. 1972 roku w Ostrowie Wielkopolskim jako pierwsze dziecko swoich rodzic\u00f3w Teresy i Ryszarda. Po uko\u0144czeniu nauki w Liceum Og\u00f3lnokszta\u0142c\u0105cym w 1991 roku rozpocz\u0105\u0142 formacj\u0119 w Wy\u017cszym Seminarium Duchownym i Papieskim Wydziale Teologicznym w Poznaniu. W roku 1996 uko\u0144czy\u0142 studia magisterskie, obroni\u0142 prac\u0119 magistersk\u0105 i w tym samym roku podj\u0105\u0142 nauk\u0119 na studiach podyplomowych. Sakrament kap\u0142a\u0144stwa przyj\u0105\u0142 w dniu 22 maja 1997 roku w Kaliszu. Po przyj\u0119ciu \u015bwi\u0119ce\u0144 przez dwa lata pracowa\u0142 na stanowisku wikariusza w parafii p.w. Wniebowzi\u0119cia NMP w Witaszycach. W tym samym czasie kontynuowa\u0142 studia na Wydziale Teologicznym Uniwersytetu im. A. Mickiewicza w Poznaniu. W roku 1998 zako\u0144czy\u0142 pomy\u015blnie studia na kursie podyplomowym, bior\u0105c jednak jeszcze przez kolejny rok udzia\u0142 w pracach doktoranckiego seminarium naukowego z teologii patrystycznej. W roku 1999 rozpocz\u0105\u0142 studia na Uniwersytecie Navarry w Pamplonie (Hiszpania) zwie\u0144czone publikacj\u0105 rozprawy doktorskiej oraz uzyskaniem w roku 2002 tytu\u0142u doktora \u015bwi\u0119tej teologii. Po powrocie do Polski, od wrze\u015bnia roku 2002 do czerwca roku 2004 by\u0142 administratorem parafii p.w. Rozes\u0142ania \u015aw. Aposto\u0142\u00f3w w Brzeziu, a tak\u017ce wyk\u0142adowc\u0105 Wydzia\u0142u Teologicznego UAM w Poznaniu. W latach 2004 \u2013 2010 pe\u0142ni\u0142 funkcj\u0119 Moderatora w Wy\u017cszym Seminarium Duchownym w Kaliszu oraz Pe\u0142nomocnika Dziekana ds. organizacji studi\u00f3w.<\/p>\n<p><img loading=\"lazy\" decoding=\"async\" class=\"aligncenter wp-image-1483 size-full\" src=\"http:\/\/www.pamiecin.org\/wp-content\/uploads\/2014\/05\/ks.-Proboszcz.jpg\" alt=\"ks.-Proboszcz\" width=\"600\" height=\"399\" srcset=\"https:\/\/www.pamiecin.org\/wp-content\/uploads\/2014\/05\/ks.-Proboszcz.jpg 600w, https:\/\/www.pamiecin.org\/wp-content\/uploads\/2014\/05\/ks.-Proboszcz-300x199.jpg 300w\" sizes=\"auto, (max-width: 600px) 100vw, 600px\" \/><\/p>\n<hr \/>\n<p style=\"text-align: center;\">************<\/p>\n<p style=\"text-align: center;\">******<\/p>\n<p><i> Czasy przed II Wojn\u0105 \u015awiatow\u0105<\/i><\/p>\n<p lang=\"pl-PL\" align=\"JUSTIFY\"><b>Ks. Adam Kapu\u015bci\u0144ski<\/b> przyszed\u0142 na \u015bwiat 15 grudnia 1891 roku w \u017barkach, na ziemi piotrkowskiej, jako syn Ludwika i Marii ze St\u0119pni\u00f3w. Do 13 roku \u017cycia pozostawa\u0142 w domu rodzinnym. Pocz\u0105tkowo uczy\u0142 si\u0119 w \u017careckiej szkole gminnej, a potem prywatnie u nauczyciela tej\u017ce szko\u0142y. W 1906 roku zosta\u0142 przyj\u0119ty do II klasy nowo za\u0142o\u017conego gimnazjum w Zawierciu. Po uko\u0144czeniu czterech klas gimnazjalnych uda\u0142 si\u0119 do Sosnowca (1909), gdzie przygotowywa\u0142 si\u0119 prywatnie do egzamin\u00f3w, kt\u00f3re zda\u0142 w 1910 roku w szkole rz\u0105dowej w Cz\u0119stochowie. W tym\u017ce roku zg\u0142osi\u0142 si\u0119 do Seminarium Duchownego we W\u0142oc\u0142awku. Zdobywszy tutaj odpowiedni\u0105 formacj\u0119 intelektualn\u0105 i moraln\u0105, zosta\u0142 wy\u015bwi\u0119cony na kap\u0142ana 29 X 1916 roku.<\/p>\n<p lang=\"pl-PL\" align=\"JUSTIFY\">Po \u015bwi\u0119ceniach zosta\u0142 skierowany do pracy duszpasterskiej jako wikariusz najpierw w Rzgowie (1916-1918), a potem (1918-1919) w Kramsku. W 1919 roku zosta\u0142 pos\u0142any do Piotrkowa Trybunalskiego jako prefekt, a zarazem rektor ko\u015bcio\u0142a pobernardy\u0144skiego. St\u0105d, w 1922 r. zosta\u0142 przeniesiony na stanowisko prefekta szk\u00f3\u0142 powszechnych w Rudzie Pabianickiej. Nie zagrza\u0142 tu d\u0142ugo miejsca, poniewa\u017c w tym\u017ce roku notowany jest jako prefekt gimnazjum w Sieradzu i kapelan si\u00f3str urszulanek, a zarazem (od 1923r.) kapelan miejscowego wi\u0119zienia. W latach 1924-1927 by\u0142 wikariuszem i prefektem gimnazjum w Koninie. W roku 1927 doczeka\u0142 si\u0119 samodzielnej plac\u00f3wki: zosta\u0142 najpierw administratorem a nast\u0119pnie proboszczem parafii Tykad\u0142\u00f3w. St\u0105d, na w\u0142asna pro\u015bb\u0119 zosta\u0142 przeniesiony na wi\u0119ksze probostwo do Pami\u0119cina (1931-1940). Naucza\u0142 tu tak\u017ce religii w miejscowej szkole i w pobliskich Jastrz\u0119bnikach. W Pami\u0119cinie wymalowa\u0142 ko\u015bci\u00f3\u0142 i ogrodzi\u0142 cmentarz. Wed\u0142ug relacji ks. Piotra Wiejaka (p\u00f3\u017aniejszego proboszcza w Pami\u0119cinie), ks. Kapu\u015bci\u0144ski w czasie wojny, jako ci\u0119\u017cko chory, przebywa\u0142 w Pami\u0119cinie. Mieszka\u0142 w organist\u00f3wce, poniewa\u017c plebania zosta\u0142a zaj\u0119ta przez gestapo. Ks. Kapusci\u0144ski do\u015bwiadcza\u0142 podczas wojny szykan ze strony Niemc\u00f3w. Zmar\u0142 20 VII 1941 roku i pochowany zosta\u0142 na miejscowym cmentarzu. Na pogrzebie by\u0142o bardzo du\u017co ludzi. Po pogrzebie by\u0142o te\u017c skromne przyjecie w organist\u00f3wce.<\/p>\n<style type=\"text\/css\">\n\t\t\t#gallery-1 {\n\t\t\t\tmargin: auto;\n\t\t\t}\n\t\t\t#gallery-1 .gallery-item {\n\t\t\t\tfloat: left;\n\t\t\t\tmargin-top: 10px;\n\t\t\t\ttext-align: center;\n\t\t\t\twidth: 50%;\n\t\t\t}\n\t\t\t#gallery-1 img {\n\t\t\t\tborder: 2px solid #cfcfcf;\n\t\t\t}\n\t\t\t#gallery-1 .gallery-caption {\n\t\t\t\tmargin-left: 0;\n\t\t\t}\n\t\t\t\/* see gallery_shortcode() in wp-includes\/media.php *\/\n\t\t<\/style>\n<div id='gallery-1' class='gallery galleryid-1482 gallery-columns-2 gallery-size-thumbnail'>\n<dl class='gallery-item'>\n<dt class='gallery-icon portrait'>\n\t\t\t\t<a href='https:\/\/www.pamiecin.org\/wp-content\/uploads\/2014\/05\/1-ks.Adam-1916r..jpg'><img loading=\"lazy\" decoding=\"async\" width=\"150\" height=\"150\" src=\"https:\/\/www.pamiecin.org\/wp-content\/uploads\/2014\/05\/1-ks.Adam-1916r.-150x150.jpg\" class=\"attachment-thumbnail size-thumbnail\" alt=\"\" aria-describedby=\"gallery-1-1487\" \/><\/a>\n\t\t\t<\/dt>\n<dd class='wp-caption-text gallery-caption' id='gallery-1-1487'>\n\t\t\t\tks.Adam z okresu studi\u00f3w w W\u0142oc\u0142awku ok. 1916 r\n\t\t\t\t<\/dd>\n<\/dl>\n<dl class='gallery-item'>\n<dt class='gallery-icon landscape'>\n\t\t\t\t<a href='https:\/\/www.pamiecin.org\/wp-content\/uploads\/2014\/05\/2-rodzina-ksiedza-Adama-ok.-1920r.jpg'><img loading=\"lazy\" decoding=\"async\" width=\"150\" height=\"150\" src=\"https:\/\/www.pamiecin.org\/wp-content\/uploads\/2014\/05\/2-rodzina-ksiedza-Adama-ok.-1920r-150x150.jpg\" class=\"attachment-thumbnail size-thumbnail\" alt=\"\" aria-describedby=\"gallery-1-1488\" \/><\/a>\n\t\t\t<\/dt>\n<dd class='wp-caption-text gallery-caption' id='gallery-1-1488'>\n\t\t\t\tW pierwszym rz\u0119dzie od prawej: rodzice, siostra Hanna, w drugim rz\u0119dzie od lewej Ks. Adam, siostra Konstancja i jej m\u0105\u017c Stanis\u0142aw Zamorski\n\t\t\t\t<\/dd>\n<\/dl>\n<p><br style=\"clear: both\" \/><\/p>\n<dl class='gallery-item'>\n<dt class='gallery-icon landscape'>\n\t\t\t\t<a href='https:\/\/www.pamiecin.org\/wp-content\/uploads\/2014\/05\/3-ks.Adam-w-Piotrkowie-1920r.jpg'><img loading=\"lazy\" decoding=\"async\" width=\"150\" height=\"150\" src=\"https:\/\/www.pamiecin.org\/wp-content\/uploads\/2014\/05\/3-ks.Adam-w-Piotrkowie-1920r-150x150.jpg\" class=\"attachment-thumbnail size-thumbnail\" alt=\"\" aria-describedby=\"gallery-1-1489\" \/><\/a>\n\t\t\t<\/dt>\n<dd class='wp-caption-text gallery-caption' id='gallery-1-1489'>\n\t\t\t\tks. Adam w otoczeniu os\u00f3b z Piotrkowa (1920r.) prawdopodobnie znajomych z kt\u00f3rymi wsp\u00f3\u0142pracowa\u0142\n\t\t\t\t<\/dd>\n<\/dl>\n<dl class='gallery-item'>\n<dt class='gallery-icon landscape'>\n\t\t\t\t<a href='https:\/\/www.pamiecin.org\/wp-content\/uploads\/2014\/05\/6-p.Zofia-Spisak-2012.jpg'><img loading=\"lazy\" decoding=\"async\" width=\"150\" height=\"150\" src=\"https:\/\/www.pamiecin.org\/wp-content\/uploads\/2014\/05\/6-p.Zofia-Spisak-2012-150x150.jpg\" class=\"attachment-thumbnail size-thumbnail\" alt=\"\" aria-describedby=\"gallery-1-1490\" \/><\/a>\n\t\t\t<\/dt>\n<dd class='wp-caption-text gallery-caption' id='gallery-1-1490'>\n\t\t\t\tZofia &#8211; c\u00f3rka siostry ks. Adama\n\t\t\t\t<\/dd>\n<\/dl>\n<p><br style=\"clear: both\" \/><\/p>\n<dl class='gallery-item'>\n<dt class='gallery-icon landscape'>\n\t\t\t\t<a href='https:\/\/www.pamiecin.org\/wp-content\/uploads\/2014\/05\/7-Lech-Spisak-2012r.jpg'><img loading=\"lazy\" decoding=\"async\" width=\"150\" height=\"150\" src=\"https:\/\/www.pamiecin.org\/wp-content\/uploads\/2014\/05\/7-Lech-Spisak-2012r-150x150.jpg\" class=\"attachment-thumbnail size-thumbnail\" alt=\"\" aria-describedby=\"gallery-1-1491\" \/><\/a>\n\t\t\t<\/dt>\n<dd class='wp-caption-text gallery-caption' id='gallery-1-1491'>\n\t\t\t\tLech Spisak\n\t\t\t\t<\/dd>\n<\/dl>\n<p>\t\t\t<br style='clear: both' \/>\n\t\t<\/div>\n","protected":false},"excerpt":{"rendered":"<p>Od 01 lipca 2010 roku, proboszczem parafii p.w. \u015bw. Jana Chrzciciela w Pami\u0119cinie jest ks. dr Jaros\u0142aw Jasianek. Ks. Jaros\u0142aw Jasianek urodzi\u0142 si\u0119 13. 03. 1972 roku w Ostrowie Wielkopolskim jako pierwsze dziecko swoich rodzic\u00f3w Teresy i Ryszarda. Po uko\u0144czeniu nauki w Liceum Og\u00f3lnokszta\u0142c\u0105cym w 1991 roku rozpocz\u0105\u0142 formacj\u0119 w Wy\u017cszym Seminarium Duchownym i Papieskim Wydziale Teologicznym w Poznaniu. W roku 1996 uko\u0144czy\u0142 studia magisterskie, obroni\u0142 prac\u0119 magistersk\u0105 i w&#8230;<a href=\"https:\/\/www.pamiecin.org\/?page_id=1482\" class=\"read_link\"><span>czytaj dalej &raquo;<\/span><\/a><\/p>\n","protected":false},"author":1,"featured_media":0,"parent":0,"menu_order":0,"comment_status":"open","ping_status":"open","template":"","meta":{"footnotes":""},"class_list":["post-1482","page","type-page","status-publish","hentry"],"_links":{"self":[{"href":"https:\/\/www.pamiecin.org\/index.php?rest_route=\/wp\/v2\/pages\/1482","targetHints":{"allow":["GET"]}}],"collection":[{"href":"https:\/\/www.pamiecin.org\/index.php?rest_route=\/wp\/v2\/pages"}],"about":[{"href":"https:\/\/www.pamiecin.org\/index.php?rest_route=\/wp\/v2\/types\/page"}],"author":[{"embeddable":true,"href":"https:\/\/www.pamiecin.org\/index.php?rest_route=\/wp\/v2\/users\/1"}],"replies":[{"embeddable":true,"href":"https:\/\/www.pamiecin.org\/index.php?rest_route=%2Fwp%2Fv2%2Fcomments&post=1482"}],"version-history":[{"count":3,"href":"https:\/\/www.pamiecin.org\/index.php?rest_route=\/wp\/v2\/pages\/1482\/revisions"}],"predecessor-version":[{"id":1492,"href":"https:\/\/www.pamiecin.org\/index.php?rest_route=\/wp\/v2\/pages\/1482\/revisions\/1492"}],"wp:attachment":[{"href":"https:\/\/www.pamiecin.org\/index.php?rest_route=%2Fwp%2Fv2%2Fmedia&parent=1482"}],"curies":[{"name":"wp","href":"https:\/\/api.w.org\/{rel}","templated":true}]}}