{"id":1077,"date":"2014-05-26T12:50:31","date_gmt":"2014-05-26T10:50:31","guid":{"rendered":"http:\/\/www.pamiecin.org\/?page_id=1077"},"modified":"2014-06-07T19:48:10","modified_gmt":"2014-06-07T17:48:10","slug":"sakramenty","status":"publish","type":"page","link":"https:\/\/www.pamiecin.org\/?page_id=1077","title":{"rendered":"Pos\u0142uga Sakramentalna w Parafii"},"content":{"rendered":"<p style=\"text-align: center;\"><span style=\"color: #993300;\"><strong>W oparciu o Pierwszy Synod Diecezji Kaliskiej,<br \/>\nnry 412-428 oraz Aneks 19<\/strong><\/span><em><strong><br \/>\n<\/strong>&#8222;&#8230;sakramenty \u015bwi\u0119te powinny by\u0107 udzielane i przyjmowane w parafii przynale\u017cno\u015bci&#8230;&#8221; (nr 412 PSDK)<\/em><\/p>\n<p>&nbsp;<\/p>\n<p><span style=\"color: #993300;\"><strong>Aneks 19, par. I PSDK &#8211; Instrukcja &#8222;Przynale\u017cno\u015b\u0107 parafialna i szafarstwo Sakrament\u00f3w&#8221;<\/strong><\/span><\/p>\n<p style=\"text-indent: 1cm; text-align: justify;\">Wierni powinni by\u0107 przygotowywani do sakrament\u00f3w i je otrzymywa\u0107 w zasadzie w parafiach, do kt\u00f3rych nale\u017c\u0105. Wynika to z norm, jakie podaje Kodeks Prawa Kanonicznego odno\u015bnie sakrament\u00f3w: Chrztu, Bierzmowania, Eucharystii (I Komunii \u015bw.), Namaszczenia Chorych, Ma\u0142\u017ce\u0144stwa.<\/p>\n<p><strong><span style=\"text-decoration: underline;\">Racje Duszpasterskie:<\/span><\/strong><\/p>\n<ul>\n<li>Parafia zapewnia trwa\u0142y udzia\u0142 w \u017cyciu Ko\u015bciola. Udzia\u0142 ten wyra\u017ca si\u0119 zw\u0142aszcza w uczestnictwie we Mszy \u015bw. niedzielnej.<strong> <\/strong><\/li>\n<li>\u015awiecki katolik ma najpe\u0142niejszy przyst\u0119p do rzeczywisto\u015bci Ko\u015bcio\u0142a w parafii.<strong> <\/strong><\/li>\n<li>Na proboszczu parafii spoczywa odpowiedzialno\u015b\u0107 i obowi\u0105zek odno\u015bnie do zorganizowania i przebiegu przygotowania do sakrament\u00f3w. On te\u017c podejmuje decyzj\u0119, czy kto\u015b jest wystarczaj\u0105co przygotowany i mo\u017ce by\u0107 dopuszczony do danego sakramentu.<\/li>\n<\/ul>\n<p><span style=\"color: #ff0000;\"><strong>Dokumenty potrzebne do spisania aktu chrztu:<\/strong><\/span><\/p>\n<p>1.    Akt urodzenia dziecka z USC.<\/p>\n<p style=\"text-align: justify;\">2.    Dane o rodzicach chrzestnych (imiona, nazwisko, data i miejsce urodzenia, adres zamieszkania, zaw\u00f3d). Rodzice chrzestni dziecka mieszkaj\u0105cy na terenie innych parafii potrzebuj\u0105 za\u015bwiadczenie, \u017ce s\u0105 praktykuj\u0105cymi katolikami. Za\u015bwiadczenia te otrzymuje si\u0119 w kancelarii parafialnej swojej parafii.<\/p>\n<p>3.    Potwierdzenie odbytej spowiedzi.<\/p>\n<p><span style=\"color: #993300;\"><strong>Rzeczy potrzebne do chrztu:<\/strong><\/span><\/p>\n<ul>\n<li>\u015bwieca chrztu<\/li>\n<li>bia\u0142a szata<\/li>\n<\/ul>\n<div>\n<hr size=\"2\" \/>\n<\/div>\n<p><span style=\"color: #993300;\"><strong>Rodzice dziecka<\/strong><\/span><\/p>\n<p style=\"text-align: justify;\">Przed Chrztem dziecka rodzice s\u0105 zobowi\u0105zani do wys\u0142uchania nauki przed chrzcielnej. Powinni r\u00f3wnie\u017c przyst\u0105pi\u0107 do Sakramentu Pokuty, a podczas Mszy \u015bwi\u0119tej chrzcielnej do Komunii \u015bwi\u0119tej.<\/p>\n<p style=\"text-align: justify;\">Po udzieleniu Chrztu, rodzice dziecka wdzi\u0119czni Bogu i wierni podj\u0119tym zadaniom, maj\u0105 obowi\u0105zek zapocz\u0105tkowane na Chrzcie nowe \u017cycie rozwija\u0107 przez:<\/p>\n<ul>\n<li>chrze\u015bcija\u0144skie wychowanie w rodzinie,<\/li>\n<li>nauczy\u0107 dziecko modlitwy,<\/li>\n<li>posy\u0142a\u0107 na katechizacj\u0119,<\/li>\n<li>przygotowa\u0107 do Bierzmowania,<\/li>\n<li>przygotowa\u0107 do uczestnictwa w Eucharystii.<\/li>\n<\/ul>\n<p><strong>Religijne \u017cycie w rodzinie to jest: <\/strong><\/p>\n<ul>\n<li style=\"text-align: justify;\">modlitwa,<\/li>\n<li style=\"text-align: justify;\">wzajemna mi\u0142o\u015b\u0107 chrze\u015bcija\u0144ska b\u0119d\u0105ca dla dziecka najlepsz\u0105 szko\u0142\u0105 wiary,<\/li>\n<li style=\"text-align: justify;\">\u017cycie sakramentalne rodzic\u00f3w i rodze\u0144stwa (zw\u0142aszcza chrze\u015bcija\u0144skie \u015bwi\u0119towanie niedzieli).<\/li>\n<\/ul>\n<p><span style=\"color: #993300;\"><strong>Rodzice chrzestni <\/strong><\/span><\/p>\n<p><strong>Do przyj\u0119cia zadania chrzestnego mo\u017ce by\u0107 dopuszczony ten, kto:<\/strong><\/p>\n<p style=\"text-align: justify;\">1.    uko\u0144czy\u0142 16 lat,<br \/>\n2.    jest praktykuj\u0105cym katolikiem, bierzmowanym i przyj\u0105\u0142 ju\u017c sakrament Eucharystii oraz prowadzi \u017cycie zgodne z wiar\u0105 i odpowiadaj\u0105ce funkcji, jak\u0105 ma pe\u0142ni\u0107,<br \/>\n3.    jest wolny od jakiejkolwiek kary kanonicznej, zgodnie z prawem wymierzonej lub deklarowanej,<br \/>\n4.    nie jest ojcem lub matk\u0105 przyjmuj\u0105cego chrzest.<\/p>\n<p><strong>nr 419 Pierwszego Synodu Diecezjalnego: <\/strong><\/p>\n<p style=\"text-align: justify;\"><em>&#8222;Rodzicami chrzestnymi nie mog\u0105 by\u0107 osoby \u017cyj\u0105ce w niesakramentalnym zwi\u0105zku ma\u0142\u017ce\u0144skim oraz te, kt\u00f3re chocia\u017c s\u0105 katolikami, notorycznie zaniedbuj\u0105 praktyki religijne i prowadz\u0105 \u017cycie naganne. (&#8230;)&#8221;<\/em><\/p>\n<p style=\"text-align: justify;\">Prosimy rodzic\u00f3w chrzestnych b\u0119d\u0105cych spoza naszej parafii o przyniesienie od w\u0142asnego Ksi\u0119dza Proboszcza za\u015bwiadczenia potwierdzaj\u0105cego mo\u017cliwo\u015b\u0107 pe\u0142nienia godno\u015bci chrzestnego(ej).<\/p>\n<p style=\"text-align: justify;\">Z okazji Chrztu dziecka chrzestni powinni przyst\u0105pi\u0107 do Spowiedzi i Komunii \u015bwi\u0119tej. W przysz\u0142o\u015bci rodzice chrzestni powinni by\u0107 tak\u017ce \u015bwiadkami Bierzmowania swego chrze\u015bniaka i uczestniczy\u0107 w wa\u017cniejszych wydarzeniach jego \u017cycia (I Komunia \u015bwi\u0119ta, \u015alub).<\/p>\n<p style=\"text-align: justify;\">Prawo Ko\u015bcio\u0142a wymaga, aby przyjmuj\u0105cy chrzest, je\u015bli to mo\u017cliwe, posiada\u0142 chrzestnego (kan. 872 KPK). Dla ka\u017cdego dziecka nale\u017cy wybra\u0107 przynajmniej jednego chrzestnego, chrzestn\u0105 lub dwoje chrzestnych (por. kan. 873 KPK).<\/p>\n<p><strong>Zadania chrzestnych s\u0105 nast\u0119puj\u0105ce:<\/strong><\/p>\n<ul>\n<li>maj\u0105 oni towarzyszy\u0107 w chrze\u015bcija\u0144skim wtajemniczeniu dziecka,<\/li>\n<li>wraz z rodzicami maj\u0105 przedstawi\u0107 dziecko do chrztu;<\/li>\n<li>pomaga\u0107, \u017ceby ochrzczony prowadzi\u0142 \u017cycie chrze\u015bcija\u0144skie odpowiadaj\u0105ce przyj\u0119temu sakramentowi i wype\u0142nia\u0142 wiernie z\u0142\u0105czone z nim obowi\u0105zki (kan. 872 KPK),<\/li>\n<li>s\u0105 wsp\u00f3\u0142odpowiedzialno\u015b\u0107 za chrze\u015bcija\u0144skie wychowanie dziecka, zw\u0142aszcza w przypadku, gdy dziecko utraci jedno lub oboje rodzic\u00f3w.<\/li>\n<\/ul>\n<p style=\"text-align: justify;\">Wymogi stawiane kandydatom na chrzestnych wynikaj\u0105 z charakteru ich zada\u0144. Je\u017celi rzeczywi\u015bcie maj\u0105 by\u0107 osobami odpowiedzialnymi za rozw\u00f3j i \u017cycie wiary swego &#8222;chrze\u015bniaka&#8221;, sami musz\u0105 by\u0107 dojrza\u0142ymi i przyk\u0142adnymi \u015bwiadkami wiary. Nie mo\u017ce wi\u0119c dziwi\u0107, \u017ce Ko\u015bci\u00f3\u0142 stawia im wysokie wymagania. Wynikaj\u0105 one z troski o odpowiednie wychowanie religijne osoby ochrzczonej, dokonuj\u0105ce si\u0119 w sprzyjaj\u0105cej atmosferze dobrego przyk\u0142adu dawanego przez najbli\u017cszych.<br \/>\nZasadniczo wyb\u00f3r chrzestnych nale\u017cy do rodzic\u00f3w dziecka, kt\u00f3rzy oczywi\u015bcie swoj\u0105 decyzj\u0119 mog\u0105 dowolnie konsultowa\u0107. Zadaniem duszpasterza jest jedynie sprawdzi\u0107 czy przedstawieni kandydaci spe\u0142niaj\u0105 warunki okre\u015blone przez Ko\u015bci\u00f3\u0142 i zatwierdzi\u0107 wyb\u00f3r rodzic\u00f3w, je\u015bli nie ma zastrze\u017ce\u0144.<\/p>\n<div>\n<hr size=\"2\" \/>\n<\/div>\n<p style=\"text-align: justify;\"><strong>Chrzest <\/strong>to pierwszy i najpotrzebniejszy sakrament (bez tego <em>sakramentu nie mo\u017cna przyj\u0105\u0107 pozosta\u0142ych), <\/em>kt\u00f3ry:<\/p>\n<ul style=\"text-align: justify;\">\n<li><strong>g\u0142adzi grzechy, <\/strong><\/li>\n<li><strong>daje \u017cycie nadprzyrodzone (\u0142aska u\u015bwi\u0119caj\u0105ca), <\/strong><\/li>\n<li><strong>czyni nas cz\u0142onkami Ko\u015bcio\u0142a katolickiego, <\/strong><\/li>\n<li><strong>daje udzia\u0142 w kap\u0142a\u0144stwie Chrystusa. <\/strong><\/li>\n<\/ul>\n<p style=\"text-align: justify;\">Pan Jezus ustanowi\u0142 sakrament chrztu s\u0142owami: <strong>&#8222;nauczajcie wszystkie narody, udzielaj\u0105c im chrztu w imi\u0119 Ojca i Syna, i Ducha \u015awi\u0119tego&#8221;<\/strong> (Mt 28, 19-20).<br \/>\nChrzci si\u0119 przez zanurzenie kandydata w wodzie lub przez polanie wod\u0105 jego g\u0142owy, wypowiadaj\u0105c przy tym s\u0142owa: <strong>&#8222;N., ja ciebie chrzcz\u0119 w imi\u0119 Ojca i Syna, i Ducha \u015awi\u0119tego&#8221;.<\/strong><br \/>\nKonieczno\u015bci przyjmowania chrztu domaga si\u0119 Pan Jezus, kt\u00f3ry powiedzia\u0142: <strong>&#8222;Kto wierzy i przyjmie chrzest, b\u0119dzie zbawiony; a kto nie wierzy, b\u0119dzie pot\u0119piony&#8221;<\/strong> (Mk 16, 16). Powiedzia\u0142 te\u017c: <strong>&#8222;Je\u015bli si\u0119 kto\u015b nie narodzi z wody i z Ducha \u015awi\u0119tego, nie mo\u017ce wej\u015b\u0107 do Kr\u00f3lestwa Bo\u017cego&#8221;<\/strong> (J 3, 5).<br \/>\nChrzest przyjmuje si\u0119 jeden raz w \u017cyciu, poniewa\u017c wyciska on na duszy niezatarte, duchowe znami\u0119, &#8222;charakter&#8221;, kt\u00f3ry uzdalnia ochrzczonego do uczestnictwa w kulcie chrze\u015bcija\u0144skim.<br \/>\nW razie konieczno\u015bci ka\u017cda osoba mo\u017ce udzieli\u0107 chrztu, pod warunkiem, \u017ce ma intencj\u0119 uczynienia tego, co czyni Ko\u015bci\u00f3\u0142, i poleje kandydata, m\u00f3wi\u0105c: <strong>&#8222;Ja ciebie chrzcz\u0119 w imi\u0119 Ojca i Syna, i Ducha \u015awi\u0119tego&#8221;<\/strong>.<\/p>\n<p>&nbsp;<\/p>\n<h4 style=\"text-align: center;\"><span style=\"color: #ff0000;\">Ma\u0142\u017ce\u0144stwo<\/span><\/h4>\n<p style=\"text-align: justify;\"><span style=\"color: #ff0000;\"><strong>Zgodnie z postanowieniem KEP-u nr 322, z dnia 1 maja 2003 roku, zwyczajn\u0105, obowi\u0105zuj\u0105c\u0105 i zasadniczo jedyn\u0105 form\u0105 przygotowania do ma\u0142\u017ce\u0144stwa jest parafialna katecheza ponadgminazjalna wed\u0142ug wskaza\u0144 Dyrektorium Rodziny i Instrukcji Duszpasterskiej Diecezji Kaliskiej &#8211; &#8222;Przygotowanie do ma\u0142\u017ce\u0144stwa i \u017cycia rodzinnego w katechezie parafialnej dla m\u0142odzie\u017cy szk\u00f3\u0142 ponadgimnazjalnych&#8221; (2005 r. w klasach &#8211; I, II, III &#8211; koniec I semestr klasy III szko\u0142y ponadgimnazjalnej)<\/strong><\/span><\/p>\n<p style=\"text-align: justify;\"><span style=\"color: #993300;\"><strong>Czas za\u0142atwienia formalno\u015bci przed\u015blubnych<\/strong>.<\/span><strong><br \/>\nNarzeczeni powinni obowi\u0105zkowo zg\u0142osi\u0107 si\u0119 do kancelarii parafialnej odpowiednio wcze\u015bniej w celu zarezerwowania terminu zawarcia Sakramentu Ma\u0142\u017ce\u0144stwa.<\/strong><\/p>\n<p style=\"text-align: justify;\"><strong><span style=\"color: #993300;\">Dokumenty.<\/span><br \/>\nNarzeczeni zg\u0142aszaj\u0105 si\u0119 w kancelarii parafialnej na 3 miesi\u0105ce przed planowanym zawarciem ma\u0142\u017ce\u0144stwa i sk\u0142adaj\u0105 dokumenty:<\/strong><\/p>\n<ul>\n<li>zgoda z parafii (je\u015bli oboje narzeczeni s\u0105 z innej ni\u017c nasza parafii)<\/li>\n<li>dowody osobiste<\/li>\n<li>aktualne akty chrztu<\/li>\n<li>trzy dokumenty z USC (je\u015bli nie by\u0142o wpierw \u015blubu cywilnego)<\/li>\n<li>za\u015bwiadczenia z odbytego kursu przedma\u0142\u017ce\u0144skiego i poradnictwa rodzinnego<\/li>\n<li>Ksero \u015bwiadectwa uko\u0144czenia katechizacji w szkole \u015bredniej<\/li>\n<\/ul>\n<p style=\"text-align: justify;\"><strong>Po przedstawieniu powy\u017cszych  dokument\u00f3w w parafii narzeczonej lub narzeczonego, spisany zostaje protok\u00f3\u0142 kanoniczny i dane osobowe do zapowiedzi. <\/strong><\/p>\n<p style=\"text-align: justify;\"><span style=\"color: #993300;\"><strong>Zapowiedzi<\/strong>.<\/span><br \/>\nKa\u017cde zamierzone ma\u0142\u017ce\u0144stwo nale\u017cy poda\u0107 do publicznej wiadomo\u015bci, nie tylko z tej racji, \u017ce wierni s\u0105 w sumieniu obowi\u0105zani wyjawi\u0107 znane im przeszkody, ale tak\u017ce dlatego, \u017ce ma\u0142\u017ce\u0144stwo winno by\u0107 faktem znanym wsp\u00f3lnocie parafialnej, do kt\u00f3rej nale\u017c\u0105 narzeczeni.<\/p>\n<p style=\"text-align: justify;\">Nale\u017cy bezpo\u015brednio po rozpocz\u0119ciu wyg\u0142aszania Zapowiedzi odby\u0107 pierwsz\u0105 z dw\u00f3ch spowiedzi  przygotowuj\u0105cych do przyj\u0119cia sakramentu ma\u0142\u017ce\u0144stwa <em>(na pocz\u0105tku spowiedzi nale\u017cy zaznaczy\u0107 w konfesjonale, \u017ce jest to pierwsza spowied\u017a przed\u015blubna)<\/em>.<\/p>\n<ul>\n<li>pierwszy raz w czasie rozpocz\u0119cia wyg\u0142aszania zapowiedzi,<\/li>\n<li>drugi raz tu\u017c przed \u015blubem.<\/li>\n<\/ul>\n<p>&nbsp;<\/p>\n<p style=\"text-align: justify;\"><strong><span style=\"color: #993300;\">\u015awiadek \u015blubu.<\/span><br \/>\nDo spisania aktu \u015blubu potrzebne s\u0105 dane \u015bwiadk\u00f3w<\/strong> (imi\u0119 i nazwisko, wiek, wyznanie, zaw\u00f3d, adres zamieszkania). Godn\u0105 rzecz\u0105 jest, aby ci, kt\u00f3rzy zostali wybrani na \u015bwiadk\u00f3w, wcze\u015bniej odbyli r\u00f3wnie\u017c sakramentaln\u0105 spowied\u017a, aby w czysto\u015bci swego serca mogli towarzyszy\u0107 tym, przez kt\u00f3rych zostali wybrani.<\/p>\n<p><strong>W tygodniu poprzedzaj\u0105cym \u015blub narzeczeni zg\u0142aszaj\u0105 si\u0119  do kancelarii parafialnej w celu spisania i podpisania aktu \u015blubu.<\/strong><\/p>\n<p>&nbsp;<\/p>\n<div>\n<hr size=\"2\" \/>\n<\/div>\n","protected":false},"excerpt":{"rendered":"<p>W oparciu o Pierwszy Synod Diecezji Kaliskiej, nry 412-428 oraz Aneks 19 &#8222;&#8230;sakramenty \u015bwi\u0119te powinny by\u0107 udzielane i przyjmowane w parafii przynale\u017cno\u015bci&#8230;&#8221; (nr 412 PSDK) &nbsp; Aneks 19, par. I PSDK &#8211; Instrukcja &#8222;Przynale\u017cno\u015b\u0107 parafialna i szafarstwo Sakrament\u00f3w&#8221; Wierni powinni by\u0107 przygotowywani do sakrament\u00f3w i je otrzymywa\u0107 w zasadzie w parafiach, do kt\u00f3rych nale\u017c\u0105. Wynika to z norm, jakie podaje Kodeks Prawa Kanonicznego odno\u015bnie sakrament\u00f3w: Chrztu, Bierzmowania, Eucharystii (I Komunii&#8230;<a href=\"https:\/\/www.pamiecin.org\/?page_id=1077\" class=\"read_link\"><span>czytaj dalej &raquo;<\/span><\/a><\/p>\n","protected":false},"author":1,"featured_media":0,"parent":0,"menu_order":0,"comment_status":"open","ping_status":"open","template":"","meta":{"footnotes":""},"class_list":["post-1077","page","type-page","status-publish","hentry"],"_links":{"self":[{"href":"https:\/\/www.pamiecin.org\/index.php?rest_route=\/wp\/v2\/pages\/1077","targetHints":{"allow":["GET"]}}],"collection":[{"href":"https:\/\/www.pamiecin.org\/index.php?rest_route=\/wp\/v2\/pages"}],"about":[{"href":"https:\/\/www.pamiecin.org\/index.php?rest_route=\/wp\/v2\/types\/page"}],"author":[{"embeddable":true,"href":"https:\/\/www.pamiecin.org\/index.php?rest_route=\/wp\/v2\/users\/1"}],"replies":[{"embeddable":true,"href":"https:\/\/www.pamiecin.org\/index.php?rest_route=%2Fwp%2Fv2%2Fcomments&post=1077"}],"version-history":[{"count":10,"href":"https:\/\/www.pamiecin.org\/index.php?rest_route=\/wp\/v2\/pages\/1077\/revisions"}],"predecessor-version":[{"id":1509,"href":"https:\/\/www.pamiecin.org\/index.php?rest_route=\/wp\/v2\/pages\/1077\/revisions\/1509"}],"wp:attachment":[{"href":"https:\/\/www.pamiecin.org\/index.php?rest_route=%2Fwp%2Fv2%2Fmedia&parent=1077"}],"curies":[{"name":"wp","href":"https:\/\/api.w.org\/{rel}","templated":true}]}}